{"id":905,"date":"2024-06-24T15:27:07","date_gmt":"2024-06-24T13:27:07","guid":{"rendered":"https:\/\/berlin-laeuft.de\/great10k\/?page_id=905"},"modified":"2025-10-14T15:42:39","modified_gmt":"2025-10-14T13:42:39","slug":"great-10k-kurzstrecke","status":"publish","type":"page","link":"https:\/\/berlin-laeuft.de\/great10k\/great-10k-kurzstrecke\/","title":{"rendered":"Berliner Morgenpost Great 10K short distance"},"content":{"rendered":"\n[et_pb_section fb_built=&#8221;1&#8243; _builder_version=&#8221;4.19.4&#8243; _module_preset=&#8221;default&#8221; custom_padding=&#8221;0px||0px|||&#8221; global_colors_info=&#8221;{}&#8221; theme_builder_area=&#8221;post_content&#8221;][et_pb_row _builder_version=&#8221;4.19.5&#8243; _module_preset=&#8221;default&#8221; width=&#8221;100%&#8221; global_colors_info=&#8221;{}&#8221; theme_builder_area=&#8221;post_content&#8221; custom_padding=&#8221;194px|||||&#8221;][et_pb_column type=&#8221;4_4&#8243; _builder_version=&#8221;4.19.4&#8243; _module_preset=&#8221;default&#8221; global_colors_info=&#8221;{}&#8221; theme_builder_area=&#8221;post_content&#8221;][et_pb_accordion open_toggle_text_color=&#8221;#1c4a97&#8243; open_toggle_background_color=&#8221;#FFFFFF&#8221; closed_toggle_text_color=&#8221;#000000&#8243; closed_toggle_background_color=&#8221;#FFFFFF&#8221; toggle_icon=&#8221;&#x50;||divi||400&#8243; icon_color=&#8221;#1c4a97&#8243; _builder_version=&#8221;4.27.4&#8243; _module_preset=&#8221;default&#8221; toggle_level=&#8221;h3&#8243; toggle_font_size=&#8221;22px&#8221; closed_toggle_font=&#8221;|600|||||||&#8221; closed_toggle_font_size=&#8221;22px&#8221; body_text_color=&#8221;#000000&#8243; custom_padding=&#8221;||||false|false&#8221; hover_enabled=&#8221;0&#8243; closed_toggle_font_size_tablet=&#8221;20px&#8221; closed_toggle_font_size_phone=&#8221;20px&#8221; closed_toggle_font_size_last_edited=&#8221;on|desktop&#8221; custom_css_toggle=&#8221;padding: 0px 0px 15px 0px&#8221; custom_css_toggle_title=&#8221;border-bottom: 1px solid #004c93;||padding-bottom: 5px;&#8221; db_closeable=&#8221;on&#8221; db_initial_state=&#8221;all_closed&#8221; border_radii=&#8221;on|7px|7px|7px|7px&#8221; border_width_all=&#8221;0px&#8221; border_color_all=&#8221;#1c4a97&#8243; saved_tabs=&#8221;all&#8221; global_colors_info=&#8221;{%22gcid-8865b06d-5625-40de-98fd-5e76479e36fc%22:%91%22border_color_all%22,%22icon_color%22,%22icon_color__hover%22,%22open_toggle_text_color%22%93}&#8221; icon_color__hover_enabled=&#8221;on|hover&#8221; icon_color__hover=&#8221;#1c4a97&#8243; theme_builder_area=&#8221;post_content&#8221; sticky_enabled=&#8221;0&#8243;][et_pb_accordion_item title=&#8221;What is the short distance?&#8221; _builder_version=&#8221;4.27.4&#8243; _module_preset=&#8221;default&#8221; global_colors_info=&#8221;{}&#8221; theme_builder_area=&#8221;post_content&#8221; open=&#8221;off&#8221;]<p>We are delighted to announce a new race as part of the fastest city run in Germany, the Berliner Morgenpost Great 10K. On 11 October 2026 you can start again on the &#8220;Berliner Morgenpost Great 10K short distance&#8221;. Over a distance of 4.2 kilometres, you will run from the zoo to the finish line at Schloss Charlottenburg. Your starter bag with your personal belongings will be transported to the finish area at the palace by the &#8220;Berlin l\u00e4uft!&#8221; team and can be picked up again there.<br \/>The short distance is intended for all ability and age groups, a perfect opportunity for everyone to get some exercise. Walkers are also welcome, as long as they keep to the target time of 45 minutes. The start time is at 1:30 p.m..<\/p>\n<p><a href=\"https:\/\/www.davengo.com\/event\/overview\/great-10k-2025\" target=\"_blank\" rel=\"noopener\"><strong>Register early<\/strong><\/a> and secure your place in this new and exciting race.<\/p>[\/et_pb_accordion_item][et_pb_accordion_item title=&#8221;Timing &amp; Rating&#8221; _builder_version=&#8221;4.27.2&#8243; _module_preset=&#8221;default&#8221; global_colors_info=&#8221;{}&#8221; theme_builder_area=&#8221;post_content&#8221; open=&#8221;off&#8221;]<p>All participants of the Berliner Morgenpost Great 10K short distance will receive a start number with their own Easy Chip from Davengo for timekeeping. The chip is attached to the start number, must be detached from it and worn on the runner&#8217;s shoe.<\/p>\n<p>The first three places in the male and female categories will be honoured at an award ceremony in front of Schloss Charlottenburg.<\/p>[\/et_pb_accordion_item][et_pb_accordion_item title=&#8221;Start&#8221; _builder_version=&#8221;4.25.2&#8243; _module_preset=&#8221;default&#8221; global_colors_info=&#8221;{}&#8221; theme_builder_area=&#8221;post_content&#8221; open=&#8221;off&#8221;]<p>The start is in front of the Elephant Gate (Zoo Berlin) on Olof-Palme-Platz.<\/p>\n<p>Start time: 1.30 pm<\/p>[\/et_pb_accordion_item][et_pb_accordion_item title=&#8221;Course&#8221; _builder_version=&#8221;4.27.4&#8243; _module_preset=&#8221;default&#8221; global_colors_info=&#8221;{}&#8221; theme_builder_area=&#8221;post_content&#8221; open=&#8221;off&#8221;]<p>The time limit for the route is 45 minutes.<\/p>\n<p>We ask for your understanding that prams, buggies and walking sticks are not permitted.<\/p>\n<p><iframe loading=\"lazy\" hcb-fetch-image-from=\"https:\/\/youtu.be\/PgizMH1tCdw\" title=\"Great10K - Highlights und Strecken\" width=\"1080\" height=\"608\" src=\"https:\/\/www.youtube.com\/embed\/PgizMH1tCdw?feature=oembed\"  allow=\"accelerometer; autoplay; clipboard-write; encrypted-media; gyroscope; picture-in-picture; web-share\" referrerpolicy=\"strict-origin-when-cross-origin\" allowfullscreen><\/iframe><\/p>\n<p><a href=\"https:\/\/www.google.com\/maps\/d\/viewer?mid=12dwNRe3UIjUeV5vMNzsO1Q0E_gGJ-pA&amp;ll=52.51234045294346%2C13.322083549480759&amp;z=15\" target=\"_blank\" rel=\"noopener\">Berliner Morgenpost GREAT 10K Berlin \u2013 Google My Maps<\/a><\/p>[\/et_pb_accordion_item][et_pb_accordion_item title=&#8221;Clothes baggage drop-off&#8221; _builder_version=&#8221;4.27.2&#8243; _module_preset=&#8221;default&#8221; global_colors_info=&#8221;{}&#8221; theme_builder_area=&#8221;post_content&#8221; open=&#8221;off&#8221;]<h4>Place*<\/h4>\n<p>Blue van in front of the Elefantentor<br \/>Olof-Palme-Platz<br \/>10787 Berlin<\/p>\n<p><strong>Zeit*<\/strong><\/p>\n<p>Sunday, 12.10.2025 &#8211; from 12.15 p.m. to 1 p.m.<\/p>\n<p>The van leaves for Schloss Charlottenburg at 1 pm.<\/p>\n<p>The clothes bags can be picked up again at Schloss Charlottenburg.<\/p>\n<p>* Subject to change without notice<\/p>[\/et_pb_accordion_item][et_pb_accordion_item title=&#8221;Further participant information&#8221; _builder_version=&#8221;4.27.2&#8243; _module_preset=&#8221;default&#8221; global_colors_info=&#8221;{}&#8221; theme_builder_area=&#8221;post_content&#8221; open=&#8221;off&#8221;]<p>Further participant information about the run can be found <strong><a href=\"https:\/\/berlin-laeuft.de\/great10k\/en\/participants-infos\/\" target=\"_blank\" rel=\"noopener\">here<\/a><\/strong>.<\/p>[\/et_pb_accordion_item][et_pb_accordion_item title=&#8221;Prices&#8221; _builder_version=&#8221;4.27.2&#8243; _module_preset=&#8221;default&#8221; global_colors_info=&#8221;{}&#8221; theme_builder_area=&#8221;post_content&#8221; open=&#8221;on&#8221;]<table style=\"border-collapse: collapse;width: 100%;height: 176px\" border=\"1\">\n<tbody>\n<tr style=\"height: 56px\">\n<th style=\"width: 50%;height: 56px\">Period<\/th>\n<th style=\"width: 25%;height: 56px;text-align: center\">Entry fee<\/th>\n<\/tr>\n<tr style=\"height: 24px\">\n<td style=\"width: 50%;height: 24px\">Until 20.10.2024<\/td>\n<td style=\"width: 25%;text-align: center;height: 24px\">25,00 \u20ac<\/td>\n<\/tr>\n<tr style=\"height: 24px\">\n<td style=\"width: 50%;height: 24px\">Until 28.02.2025<\/td>\n<td style=\"width: 25%;text-align: center;height: 24px\">27,00 \u20ac<\/td>\n<\/tr>\n<tr style=\"height: 24px\">\n<td style=\"width: 50%;height: 24px\">Until 30.06.2025<\/td>\n<td style=\"width: 25%;height: 24px;text-align: center\">30,00 \u20ac<\/td>\n<\/tr>\n<tr style=\"height: 24px\">\n<td style=\"width: 50%;height: 24px\">Until 28.09.2025<\/td>\n<td style=\"width: 25%;height: 24px;text-align: center\">35,00 \u20ac<\/td>\n<\/tr>\n<tr style=\"height: 24px\">\n<td style=\"width: 50%;height: 24px\">late registration:<\/td>\n<td style=\"width: 25%;height: 24px;text-align: center\">45,00 \u20ac<\/td>\n<\/tr>\n<\/tbody>\n<\/table>\n<p>&nbsp;<\/p>[\/et_pb_accordion_item][\/et_pb_accordion][\/et_pb_column][\/et_pb_row][\/et_pb_section]\n","protected":false},"excerpt":{"rendered":"<p>We are delighted to announce a new race as part of the fastest city run in Germany, the Berliner Morgenpost Great 10K. On 11 October 2026 you can start again on the &#8220;Berliner Morgenpost Great 10K short distance&#8221;. Over a distance of 4.2 kilometres, you will run from the zoo to the finish line at [&hellip;]<\/p>\n","protected":false},"author":1,"featured_media":0,"parent":0,"menu_order":0,"comment_status":"closed","ping_status":"closed","template":"","meta":{"_et_pb_use_builder":"on","_et_pb_old_content":"[et_pb_section fb_built=\"1\" _builder_version=\"4.19.4\" _module_preset=\"default\" custom_padding=\"0px||0px|||\" global_colors_info=\"{}\" theme_builder_area=\"post_content\"][et_pb_row _builder_version=\"4.19.5\" _module_preset=\"default\" width=\"100%\" global_colors_info=\"{}\" theme_builder_area=\"post_content\"][et_pb_column type=\"4_4\" _builder_version=\"4.19.4\" _module_preset=\"default\" global_colors_info=\"{}\" theme_builder_area=\"post_content\"][et_pb_accordion db_closeable=\"on\" db_initial_state=\"all_closed\" open_toggle_text_color=\"#1c4a97\" open_toggle_background_color=\"#FFFFFF\" closed_toggle_text_color=\"#000000\" closed_toggle_background_color=\"#FFFFFF\" toggle_icon=\"&#x50;||divi||400\" icon_color=\"#1c4a97\" _builder_version=\"4.25.2\" _module_preset=\"default\" toggle_level=\"h3\" toggle_font_size=\"22px\" closed_toggle_font=\"|600|||||||\" closed_toggle_font_size=\"22px\" body_text_color=\"#000000\" custom_padding=\"||||false|false\" closed_toggle_font_size_tablet=\"20px\" closed_toggle_font_size_phone=\"20px\" closed_toggle_font_size_last_edited=\"on|desktop\" custom_css_toggle=\"padding: 0px 0px 15px 0px\" custom_css_toggle_title=\"border-bottom: 1px solid #004c93;||padding-bottom: 5px;\" border_radii=\"on|7px|7px|7px|7px\" border_width_all=\"0px\" border_color_all=\"#1c4a97\" saved_tabs=\"all\" global_colors_info=\"{%22gcid-8865b06d-5625-40de-98fd-5e76479e36fc%22:%91%22border_color_all%22,%22icon_color%22,%22icon_color__hover%22,%22open_toggle_text_color%22%93}\" icon_color__hover_enabled=\"on|hover\" icon_color__hover=\"#1c4a97\" theme_builder_area=\"post_content\"][et_pb_accordion_item title=\"Was ist die Kurzstrecke?\" _builder_version=\"4.25.2\" _module_preset=\"default\" global_colors_info=\"{}\" theme_builder_area=\"post_content\" open=\"on\"]\n\nWir freuen uns, Euch einen neuen Lauf im Rahmen des schnellsten Citylaufs Deutschlands, dem degewo Great 10K, anzuk\u00fcndigen. Am 13. Oktober k\u00f6nnt Ihr zum ersten Mal auf der \u201cdegewo Great 10K Kurzstrecke\u201d starten. Auf einer Strecke von 4,2 Kilometern lauft Ihr vom Zoo ins Ziel am Schloss Charlottenburg. Eure Starterbeutel mit Euren pers\u00f6nlichen Dingen, werden vom \u201cBerlin l\u00e4uft!\u201d-Team zum Zielbereich am Schloss transportiert und k\u00f6nnen dort wieder abgeholt werden.\nDie Kurzstrecke ist f\u00fcr alle Leistungs- und Altersklassen gedacht, eine perfekte Gelegenheit f\u00fcr Jede und Jeden, sich sportlich zu bet\u00e4tigen. Auch Walkende sind herzlich willkommen, wenn die Zielzeit von 45 Minuten eingehalten wird. Die Startzeit ist um 13:30 Uhr.\nDer Fr\u00fchbucher-Preis betr\u00e4gt 20,00 Euro bei Anmeldung bis zum 31. Juli. Anschlie\u00dfend kostet der die Teilnahme bis zum Beginn der Nachmeldung am 29. September 2024 25,00 Euro. Die Nachmeldegeb\u00fchr betr\u00e4gt 35,00 Euro.\n\n<a href=\"https:\/\/www.davengo.com\/event\/overview\/degewo-great-10k-2024\" target=\"_blank\" rel=\"noopener\"><strong>Meldet Euch fr\u00fchzeitig an<\/strong><\/a> und sichert Euch Euren Platz bei diesem neuen und spannenden Lauf.\n\n[\/et_pb_accordion_item][et_pb_accordion_item title=\"Zeitnahme &amp; Wertung\" _builder_version=\"4.25.2\" _module_preset=\"default\" global_colors_info=\"{}\" theme_builder_area=\"post_content\" open=\"off\"]\n\nAlle Teilnehmenden der degewo Great 10K Kurzstrecke erhalten eine Startnummer mit einen eigenen Easy Chip der Firma Davengo zur Zeitmessung. Der Chip ist an der Startnummer befestigt, muss von dieser abgetrennt und am Schuh der L\u00e4uferInnen getragen werden.\n\nDie ersten drei Pl\u00e4tze im m\u00e4nnlichen und weiblichen Bereich werden bei einer Siegerehrung vor dem Schloss Charlottenburg geehrt.\n\n[\/et_pb_accordion_item][et_pb_accordion_item title=\"Start\" _builder_version=\"4.25.2\" _module_preset=\"default\" hover_enabled=\"0\" global_colors_info=\"{}\" theme_builder_area=\"post_content\" open=\"off\" sticky_enabled=\"0\"]\n\nDer Start erfolgt vor dem Elefantentor (Zoo Berlin) auf dem Olof-Palme-Platz.\n\nStartzeit: 13.30 Uhr\n\n[\/et_pb_accordion_item][et_pb_accordion_item title=\"Strecke\" _builder_version=\"4.25.2\" _module_preset=\"default\" global_colors_info=\"{}\" theme_builder_area=\"post_content\" open=\"off\"]\n\nDas Zeitlimit f\u00fcr die Strecke betr\u00e4gt 45 Minuten.\n\nWir bitten um Verst\u00e4ndnis, dass das Mitf\u00fchren von Kinderwagen, Buggys\u00a0 und Walking-St\u00f6cken untersagt ist.\n\n[\/et_pb_accordion_item][et_pb_accordion_item title=\"Nachmeldung \/ Ummeldung \/ \u00dcbertragung\" _builder_version=\"4.25.2\" _module_preset=\"default\" global_colors_info=\"{}\" theme_builder_area=\"post_content\" open=\"off\"]\n<h4>achmeldung<\/h4>\nSoweit noch Startpl\u00e4tze verf\u00fcgbar sind, ist eine Nachmeldung m\u00f6glich. Am Veranstaltungstag werden Nachmeldungen bis zu einer Stunde vor dem Start angenommen. Die Nachmeldung erfolgt am Helpdesk am Elefantentor (Olof-Palme-Platz). Der Helpdesk ist ab 12.00 Uhr besetzt. Die Geb\u00fchr kann bar, mit EC-Karte oder Kredit-Karte bezahlt\n<h4>Ummeldung<\/h4>\nIn dem Fall, dass Ihr nicht starten k\u00f6nnt und keine Geld-zur\u00fcck-Garantie gebucht habt, k\u00f6nnen wir Euch bis zum Beginn des Nachmeldezeitraums folgende Ummelde-M\u00f6glichkeiten anbieten:\n\n<strong>Ummeldung von 10 km auf die Kurzstrecke:<\/strong><strong><\/strong>\n\nBitte sendet uns eine E-Mail an <strong><a href=\"mailto:info@berlin-laeuft.de\">info@berlin-laeuft.de<\/a> <\/strong>mit Eurer Bestellnummer. Wir werden die Umbuchung kostenlos f\u00fcr Euch vornehmen. ACHTUNG! Im Nachmeldezeitraum f\u00e4llt f\u00fcr die Umbuchung eine Geb\u00fchr von 7,50 Euro an. Die Umbuchung kann im <strong><a href=\"https:\/\/www.berlin-laeuft-shop.de\/berlin-l%C3%A4uft-shop\/startpl%C3%A4tze\/\" target=\"_blank\" rel=\"noopener\">Onlineshop<\/a><\/strong> gebucht werden oder vor Ort am Helpdesk erfolgen.\n\n<strong>Ummeldung von der Kurzstrecke auf die 10 km:<\/strong>\n\nDie Ummeldung erfolgt \u00fcber unseren <strong><a href=\"https:\/\/www.berlin-laeuft-shop.de\/berlin-l%C3%A4uft-shop\/startpl%C3%A4tze\/\" target=\"_blank\" rel=\"noopener\">Onlineshop<\/a><\/strong>.\n\nBitte w\u00e4hlt dort unter \u201eStartpl\u00e4tze\u201c den Posten \u201eDistanz wechseln\u201c f\u00fcr Euren Lauf aus. Ihr bezahlt \u00fcber den Onlineshop und werdet anschlie\u00dfend von uns umgebucht\n\n<strong>\u00dcbertragung auf eine andere Person:<\/strong>\n\nDen Teilnehmertausch k\u00f6nnt Ihr bis zum 10. Oktober 2024 \u00fcber Euer Benutzerkonto vornehmen (anschlie\u00dfend nur noch bei der Startunterlagenausgabe gegen eine Geb\u00fchr von 7,50 Euro). \u00c4ndert daf\u00fcr einfach die daten der Teilnehmenden in Eurem Profil.\n\n<strong>ACHTUNG:<\/strong> Bei einer Ummeldung nach dem 29. September.2024 wird der Name auf der Startnummer nicht mehr ge\u00e4ndert!\n\n\u00c4nderungen kannst du auf der\u00a0<a href=\"https:\/\/starter.davengo.com\/?event=6527fcf615267f53e89ac762\"><strong>Starterliste<\/strong><\/a> \u00fcberpr\u00fcfen.\n\n[\/et_pb_accordion_item][et_pb_accordion_item title=\"Abholung der Startunterlagen\" open=\"off\" _builder_version=\"4.25.2\" _module_preset=\"default\" global_colors_info=\"{}\" theme_builder_area=\"post_content\"]\n\n<strong>Ort*<\/strong>\n\nVor SportScheck im Boulevard Berlin (Erdgeschoss)\nSchlo\u00dfstr. 10\n12163 Berlin\n\n<strong>Zeit*<\/strong>\n\nSamstag, 12.10.2024 - 10.00 bis 19.00 Uhr\n\nDie Ausgabe erfolgt nur unter Vorlage Eurer Startnummer aus der Meldebest\u00e4tigung, die Ihr per Mail bekommt oder Euch aus Eurem Davengo Konto herunterladet.\n\n* \u00c4nderungen vorbehalten\n\n[\/et_pb_accordion_item][et_pb_accordion_item title=\"Weitere Teilnehmerinformationen\" _builder_version=\"4.25.2\" _module_preset=\"default\" global_colors_info=\"{}\" theme_builder_area=\"post_content\" open=\"off\"]\n\nWeitere Teilnehmerinformationen rund um den Lauf findet Ihr <strong><a href=\"https:\/\/berlin-laeuft.de\/great10k\" target=\"_blank\" rel=\"noopener\">hier<\/a><\/strong>.\n\n[\/et_pb_accordion_item][et_pb_accordion_item title=\"Preise\" _builder_version=\"4.25.2\" _module_preset=\"default\" global_colors_info=\"{}\" theme_builder_area=\"post_content\" open=\"off\"]\n<table style=\"border-collapse: collapse;width: 100%;height: 152px\" border=\"1\">\n<tbody>\n<tr style=\"height: 56px\">\n<th style=\"width: 50%;height: 56px\">Zeitraum<\/th>\n<th style=\"width: 25%;height: 56px\">Startgeb\u00fchr<\/th>\n<\/tr>\n<tr style=\"height: 24px\">\n<td style=\"width: 50%;height: 24px\">Bis 31.07.2024:<\/td>\n<td style=\"width: 25%;height: 24px\">20,00 \u20ac<\/td>\n<\/tr>\n<tr style=\"height: 24px\">\n<td style=\"width: 50%;height: 24px\">Bis 29.09.2024<\/td>\n<td style=\"width: 25%;height: 24px\">25,00 \u20ac<\/td>\n<\/tr>\n<tr style=\"height: 24px\">\n<td style=\"width: 50%;height: 24px\">Nachmeldung:<\/td>\n<td style=\"width: 25%;height: 24px\">35,00 \u20ac<\/td>\n<\/tr>\n<\/tbody>\n<\/table>\n&nbsp;\n\n[\/et_pb_accordion_item][\/et_pb_accordion][\/et_pb_column][\/et_pb_row][\/et_pb_section]","_et_gb_content_width":"","footnotes":""},"class_list":["post-905","page","type-page","status-publish","hentry"],"yoast_head":"<!-- This site is optimized with the Yoast SEO plugin v27.5 - https:\/\/yoast.com\/product\/yoast-seo-wordpress\/ -->\n<title>Great 10K | Berliner Morgenpost Great 10K short distance<\/title>\n<meta name=\"robots\" content=\"index, follow, max-snippet:-1, max-image-preview:large, max-video-preview:-1\" \/>\n<link rel=\"canonical\" href=\"https:\/\/berlin-laeuft.de\/great10k\/en\/great-10k-kurzstrecke\/\" \/>\n<meta property=\"og:locale\" content=\"en_US\" \/>\n<meta property=\"og:type\" content=\"article\" \/>\n<meta property=\"og:title\" content=\"Great 10K | Berliner Morgenpost Great 10K short distance\" \/>\n<meta property=\"og:url\" content=\"https:\/\/berlin-laeuft.de\/great10k\/en\/great-10k-kurzstrecke\/\" \/>\n<meta property=\"og:site_name\" content=\"Great 10K\" \/>\n<meta property=\"article:publisher\" content=\"https:\/\/www.facebook.com\/Berlinlaeuft\/\" \/>\n<meta property=\"article:modified_time\" content=\"2025-10-14T13:42:39+00:00\" \/>\n<meta name=\"twitter:card\" content=\"summary_large_image\" \/>\n<meta name=\"twitter:label1\" content=\"Est. reading time\" \/>\n\t<meta name=\"twitter:data1\" content=\"2 minutes\" \/>\n<script type=\"application\/ld+json\" class=\"yoast-schema-graph\">{\"@context\":\"https:\\\/\\\/schema.org\",\"@graph\":[{\"@type\":\"WebPage\",\"@id\":\"https:\\\/\\\/berlin-laeuft.de\\\/great10k\\\/en\\\/great-10k-kurzstrecke\\\/\",\"url\":\"https:\\\/\\\/berlin-laeuft.de\\\/great10k\\\/en\\\/great-10k-kurzstrecke\\\/\",\"name\":\"Great 10K | Berliner Morgenpost Great 10K short distance\",\"isPartOf\":{\"@id\":\"https:\\\/\\\/berlin-laeuft.de\\\/great10k\\\/#website\"},\"datePublished\":\"2024-06-24T13:27:07+00:00\",\"dateModified\":\"2025-10-14T13:42:39+00:00\",\"breadcrumb\":{\"@id\":\"https:\\\/\\\/berlin-laeuft.de\\\/great10k\\\/en\\\/great-10k-kurzstrecke\\\/#breadcrumb\"},\"inLanguage\":\"en-US\",\"potentialAction\":[{\"@type\":\"ReadAction\",\"target\":[\"https:\\\/\\\/berlin-laeuft.de\\\/great10k\\\/en\\\/great-10k-kurzstrecke\\\/\"]}]},{\"@type\":\"BreadcrumbList\",\"@id\":\"https:\\\/\\\/berlin-laeuft.de\\\/great10k\\\/en\\\/great-10k-kurzstrecke\\\/#breadcrumb\",\"itemListElement\":[{\"@type\":\"ListItem\",\"position\":1,\"name\":\"Startseite\",\"item\":\"https:\\\/\\\/berlin-laeuft.de\\\/great10k\\\/\"},{\"@type\":\"ListItem\",\"position\":2,\"name\":\"Berliner Morgenpost Great 10K short distance\"}]},{\"@type\":\"WebSite\",\"@id\":\"https:\\\/\\\/berlin-laeuft.de\\\/great10k\\\/#website\",\"url\":\"https:\\\/\\\/berlin-laeuft.de\\\/great10k\\\/\",\"name\":\"Great 10K\",\"description\":\"\",\"publisher\":{\"@id\":\"https:\\\/\\\/berlin-laeuft.de\\\/great10k\\\/#organization\"},\"potentialAction\":[{\"@type\":\"SearchAction\",\"target\":{\"@type\":\"EntryPoint\",\"urlTemplate\":\"https:\\\/\\\/berlin-laeuft.de\\\/great10k\\\/?s={search_term_string}\"},\"query-input\":{\"@type\":\"PropertyValueSpecification\",\"valueRequired\":true,\"valueName\":\"search_term_string\"}}],\"inLanguage\":\"en-US\"},{\"@type\":\"Organization\",\"@id\":\"https:\\\/\\\/berlin-laeuft.de\\\/great10k\\\/#organization\",\"name\":\"Great 10K\",\"url\":\"https:\\\/\\\/berlin-laeuft.de\\\/great10k\\\/\",\"logo\":{\"@type\":\"ImageObject\",\"inLanguage\":\"en-US\",\"@id\":\"https:\\\/\\\/berlin-laeuft.de\\\/great10k\\\/#\\\/schema\\\/logo\\\/image\\\/\",\"url\":\"https:\\\/\\\/berlin-laeuft.de\\\/great10k\\\/wp-content\\\/uploads\\\/sites\\\/4\\\/great10k-favicon.png\",\"contentUrl\":\"https:\\\/\\\/berlin-laeuft.de\\\/great10k\\\/wp-content\\\/uploads\\\/sites\\\/4\\\/great10k-favicon.png\",\"width\":512,\"height\":512,\"caption\":\"Great 10K\"},\"image\":{\"@id\":\"https:\\\/\\\/berlin-laeuft.de\\\/great10k\\\/#\\\/schema\\\/logo\\\/image\\\/\"},\"sameAs\":[\"https:\\\/\\\/www.facebook.com\\\/Berlinlaeuft\\\/\"]}]}<\/script>\n<!-- \/ Yoast SEO plugin. -->","yoast_head_json":{"title":"Great 10K | Berliner Morgenpost Great 10K short distance","robots":{"index":"index","follow":"follow","max-snippet":"max-snippet:-1","max-image-preview":"max-image-preview:large","max-video-preview":"max-video-preview:-1"},"canonical":"https:\/\/berlin-laeuft.de\/great10k\/en\/great-10k-kurzstrecke\/","og_locale":"en_US","og_type":"article","og_title":"Great 10K | Berliner Morgenpost Great 10K short distance","og_url":"https:\/\/berlin-laeuft.de\/great10k\/en\/great-10k-kurzstrecke\/","og_site_name":"Great 10K","article_publisher":"https:\/\/www.facebook.com\/Berlinlaeuft\/","article_modified_time":"2025-10-14T13:42:39+00:00","twitter_card":"summary_large_image","twitter_misc":{"Est. reading time":"2 minutes"},"schema":{"@context":"https:\/\/schema.org","@graph":[{"@type":"WebPage","@id":"https:\/\/berlin-laeuft.de\/great10k\/en\/great-10k-kurzstrecke\/","url":"https:\/\/berlin-laeuft.de\/great10k\/en\/great-10k-kurzstrecke\/","name":"Great 10K | Berliner Morgenpost Great 10K short distance","isPartOf":{"@id":"https:\/\/berlin-laeuft.de\/great10k\/#website"},"datePublished":"2024-06-24T13:27:07+00:00","dateModified":"2025-10-14T13:42:39+00:00","breadcrumb":{"@id":"https:\/\/berlin-laeuft.de\/great10k\/en\/great-10k-kurzstrecke\/#breadcrumb"},"inLanguage":"en-US","potentialAction":[{"@type":"ReadAction","target":["https:\/\/berlin-laeuft.de\/great10k\/en\/great-10k-kurzstrecke\/"]}]},{"@type":"BreadcrumbList","@id":"https:\/\/berlin-laeuft.de\/great10k\/en\/great-10k-kurzstrecke\/#breadcrumb","itemListElement":[{"@type":"ListItem","position":1,"name":"Startseite","item":"https:\/\/berlin-laeuft.de\/great10k\/"},{"@type":"ListItem","position":2,"name":"Berliner Morgenpost Great 10K short distance"}]},{"@type":"WebSite","@id":"https:\/\/berlin-laeuft.de\/great10k\/#website","url":"https:\/\/berlin-laeuft.de\/great10k\/","name":"Great 10K","description":"","publisher":{"@id":"https:\/\/berlin-laeuft.de\/great10k\/#organization"},"potentialAction":[{"@type":"SearchAction","target":{"@type":"EntryPoint","urlTemplate":"https:\/\/berlin-laeuft.de\/great10k\/?s={search_term_string}"},"query-input":{"@type":"PropertyValueSpecification","valueRequired":true,"valueName":"search_term_string"}}],"inLanguage":"en-US"},{"@type":"Organization","@id":"https:\/\/berlin-laeuft.de\/great10k\/#organization","name":"Great 10K","url":"https:\/\/berlin-laeuft.de\/great10k\/","logo":{"@type":"ImageObject","inLanguage":"en-US","@id":"https:\/\/berlin-laeuft.de\/great10k\/#\/schema\/logo\/image\/","url":"https:\/\/berlin-laeuft.de\/great10k\/wp-content\/uploads\/sites\/4\/great10k-favicon.png","contentUrl":"https:\/\/berlin-laeuft.de\/great10k\/wp-content\/uploads\/sites\/4\/great10k-favicon.png","width":512,"height":512,"caption":"Great 10K"},"image":{"@id":"https:\/\/berlin-laeuft.de\/great10k\/#\/schema\/logo\/image\/"},"sameAs":["https:\/\/www.facebook.com\/Berlinlaeuft\/"]}]}},"_links":{"self":[{"href":"https:\/\/berlin-laeuft.de\/great10k\/wp-json\/wp\/v2\/pages\/905","targetHints":{"allow":["GET"]}}],"collection":[{"href":"https:\/\/berlin-laeuft.de\/great10k\/wp-json\/wp\/v2\/pages"}],"about":[{"href":"https:\/\/berlin-laeuft.de\/great10k\/wp-json\/wp\/v2\/types\/page"}],"author":[{"embeddable":true,"href":"https:\/\/berlin-laeuft.de\/great10k\/wp-json\/wp\/v2\/users\/1"}],"replies":[{"embeddable":true,"href":"https:\/\/berlin-laeuft.de\/great10k\/wp-json\/wp\/v2\/comments?post=905"}],"version-history":[{"count":0,"href":"https:\/\/berlin-laeuft.de\/great10k\/wp-json\/wp\/v2\/pages\/905\/revisions"}],"wp:attachment":[{"href":"https:\/\/berlin-laeuft.de\/great10k\/wp-json\/wp\/v2\/media?parent=905"}],"curies":[{"name":"wp","href":"https:\/\/api.w.org\/{rel}","templated":true}]}}